{"id":1445,"date":"2018-05-08T21:32:34","date_gmt":"2018-05-08T21:32:34","guid":{"rendered":"https:\/\/www.vossgolf.no\/?page_id=1445"},"modified":"2018-07-05T13:37:43","modified_gmt":"2018-07-05T13:37:43","slug":"arrangement","status":"publish","type":"page","link":"https:\/\/www.vossgolf.no\/?page_id=1445","title":{"rendered":"Arrangement"},"content":{"rendered":"<div class=\"pt-cv-wrapper\"><div class=\"pt-cv-view pt-cv-grid pt-cv-colsys pt-cv-sharp-buttons\" id=\"pt-cv-view-603af74341\"><div data-id=\"pt-cv-page-1\" class=\"pt-cv-page\" data-cvc=\"2\"><div class=\"col-md-6 col-sm-6 col-xs-12 pt-cv-content-item pt-cv-1-col\"  data-pid=\"355\"><div class='pt-cv-ifield'><h4 class=\"pt-cv-title\"><a href=\"https:\/\/www.vossgolf.no\/?p=355\" class=\"_self cvplbd\" target=\"_self\" >Leige lokaler<\/a><\/h4>\n<div class=\"pt-cv-content\">P\u00e5 Voss Golfbaner har me selskapslokale med plass til 30-35 personar innend\u00f8rs. S\u00e5 dersom du skal arrangere firmafest, konfirmasjon, barned\u00e5p ...<br \/><div class=\"pt-cv-rmwrap\"><a href=\"https:\/\/www.vossgolf.no\/?p=355\" class=\"_self pt-cv-readmore btn btn-success cvplbd\" target=\"_self\">Les meir\u2026<\/a><\/div><\/div><\/div><\/div>\n<div class=\"col-md-6 col-sm-6 col-xs-12 pt-cv-content-item pt-cv-1-col\"  data-pid=\"359\"><div class='pt-cv-ifield'><h4 class=\"pt-cv-title\"><a href=\"https:\/\/www.vossgolf.no\/?p=359\" class=\"_self cvplbd\" target=\"_self\" >Undervisning<\/a><\/h4>\n<div class=\"pt-cv-content\">Vegen til golf kurs: For \u00e5 kunne spela golf \u00e5leine p\u00e5 ein golfbane, enten det er p\u00e5 heimebanen p\u00e5 Voss, ...<br \/><div class=\"pt-cv-rmwrap\"><a href=\"https:\/\/www.vossgolf.no\/?p=359\" class=\"_self pt-cv-readmore btn btn-success cvplbd\" target=\"_self\">Les meir\u2026<\/a><\/div><\/div><\/div><\/div>\n<div class=\"col-md-6 col-sm-6 col-xs-12 pt-cv-content-item pt-cv-1-col\"  data-pid=\"361\"><div class='pt-cv-ifield'><h4 class=\"pt-cv-title\"><a href=\"https:\/\/www.vossgolf.no\/?p=361\" class=\"_self cvplbd\" target=\"_self\" >Turneringar<\/a><\/h4>\n<div class=\"pt-cv-content\">Gjennom sesongen arrangerer me ein rekke turneringar p\u00e5 golfbanen p\u00e5 Voss, fr\u00e5 tidlig i mai, til ut i oktober. Lokale, ...<br \/><div class=\"pt-cv-rmwrap\"><a href=\"https:\/\/www.vossgolf.no\/?p=361\" class=\"_self pt-cv-readmore btn btn-success cvplbd\" target=\"_self\">Les meir\u2026<\/a><\/div><\/div><\/div><\/div>\n<div class=\"col-md-6 col-sm-6 col-xs-12 pt-cv-content-item pt-cv-1-col\"  data-pid=\"3000\"><div class='pt-cv-ifield'><h4 class=\"pt-cv-title\"><a href=\"https:\/\/www.vossgolf.no\/?p=3000\" class=\"_self cvplbd\" target=\"_self\" >Tilbud om Instruksjon!<\/a><\/h4>\n<div class=\"pt-cv-content\">Me har inng\u00e5tt eit samarbeid med Fana Golfklubb om leiga av PRO \u2013 Donovan Goosen. Han vil komma til Voss ...<br \/><div class=\"pt-cv-rmwrap\"><a href=\"https:\/\/www.vossgolf.no\/?p=3000\" class=\"_self pt-cv-readmore btn btn-success cvplbd\" target=\"_self\">Les meir\u2026<\/a><\/div><\/div><\/div><\/div><\/div><\/div><\/div>\t\t\t<style type=\"text\/css\" id=\"pt-cv-inline-style-13893c1oi8\">#pt-cv-view-603af74341.pt-cv-post-border .pt-cv-content-item   { border-top-style: solid; border-left-style: solid; }\n#pt-cv-view-603af74341 .pt-cv-title a, #pt-cv-view-603af74341  .panel-title { font-weight: 600 !important; }\n#pt-cv-view-603af74341  .pt-cv-hover-wrapper::before   { background-color: rgba(0,0,0,.3) !important; }\n#pt-cv-view-603af74341  .pt-cv-content-item:hover .pt-cv-hover-wrapper::before   { background-color: rgba(51,51,51,.6) !important; }\n#pt-cv-view-603af74341:not(.pt-cv-nohover) .pt-cv-mask *   { color: #fff; }\n#pt-cv-view-603af74341 .pt-cv-carousel-caption  { background-color: rgba(51,51,51,.6) !important; }\n#pt-cv-view-603af74341 .pt-cv-specialp * { color: #fff !important; background-color: #CC3333 !important; }\n#pt-cv-view-603af74341 .pt-cv-pficon  { color: #bbb !important; }\n#pt-cv-view-603af74341  .add_to_cart_button, #pt-cv-view-603af74341  .add_to_cart_button *   { color: #ffffff !important; background-color: #00aeef !important; }\n#pt-cv-view-603af74341  .woocommerce-onsale   { color: #ffffff !important; background-color: #ff5a5f !important; }\n#pt-cv-view-603af74341 .pt-cv-readmore  { color: #ffffff !important; background-color: #00af0e !important; }\n#pt-cv-view-603af74341 .pt-cv-readmore:hover  { color: #ffffff !important; background-color: #00af0e !important; }\n#pt-cv-view-603af74341  + .pt-cv-pagination-wrapper .pt-cv-more , #pt-cv-view-603af74341  + .pt-cv-pagination-wrapper .pagination .active a { color: #ffffff !important; background-color: #00aeef !important; }\n[id^='pt-cv-filter-bar-603af74341'] .active.pt-cv-filter-option, [id^='pt-cv-filter-bar-603af74341'] .active .pt-cv-filter-option, [id^='pt-cv-filter-bar-603af74341'] .selected.pt-cv-filter-option, [id^='pt-cv-filter-bar-603af74341'] .dropdown-toggle   { color: #fff !important; background-color: #00aeef !important; }\n[id^='pt-cv-filter-bar-603af74341'] .pt-cv-filter-title   { color: #fff !important; background-color: #00aeef !important; }\n#pt-cv-gls-603af74341 li a.pt-active   { color: #fff !important; background-color: #ff5a5f !important; }\n#pt-cv-view-603af74341 .pt-cv-gls-header  { color: #fff !important; background-color: #00aeef !important; }<\/style>\r\n\t\t\t\n","protected":false},"excerpt":{"rendered":"","protected":false},"author":4,"featured_media":0,"parent":0,"menu_order":0,"comment_status":"closed","ping_status":"closed","template":"","meta":[],"_links":{"self":[{"href":"https:\/\/www.vossgolf.no\/index.php?rest_route=\/wp\/v2\/pages\/1445"}],"collection":[{"href":"https:\/\/www.vossgolf.no\/index.php?rest_route=\/wp\/v2\/pages"}],"about":[{"href":"https:\/\/www.vossgolf.no\/index.php?rest_route=\/wp\/v2\/types\/page"}],"author":[{"embeddable":true,"href":"https:\/\/www.vossgolf.no\/index.php?rest_route=\/wp\/v2\/users\/4"}],"replies":[{"embeddable":true,"href":"https:\/\/www.vossgolf.no\/index.php?rest_route=%2Fwp%2Fv2%2Fcomments&post=1445"}],"version-history":[{"count":16,"href":"https:\/\/www.vossgolf.no\/index.php?rest_route=\/wp\/v2\/pages\/1445\/revisions"}],"predecessor-version":[{"id":2413,"href":"https:\/\/www.vossgolf.no\/index.php?rest_route=\/wp\/v2\/pages\/1445\/revisions\/2413"}],"wp:attachment":[{"href":"https:\/\/www.vossgolf.no\/index.php?rest_route=%2Fwp%2Fv2%2Fmedia&parent=1445"}],"curies":[{"name":"wp","href":"https:\/\/api.w.org\/{rel}","templated":true}]}}