{"id":1451,"date":"2018-05-08T21:38:11","date_gmt":"2018-05-08T21:38:11","guid":{"rendered":"https:\/\/www.vossgolf.no\/?page_id=1451"},"modified":"2019-06-16T12:19:10","modified_gmt":"2019-06-16T12:19:10","slug":"klubb","status":"publish","type":"page","link":"https:\/\/www.vossgolf.no\/?page_id=1451","title":{"rendered":"Klubb"},"content":{"rendered":"<div class=\"pt-cv-wrapper\"><div class=\"pt-cv-view pt-cv-grid pt-cv-colsys pt-cv-sharp-buttons\" id=\"pt-cv-view-5e0a3e28jc\"><div data-id=\"pt-cv-page-1\" class=\"pt-cv-page\" data-cvc=\"2\"><div class=\"col-md-6 col-sm-6 col-xs-12 pt-cv-content-item pt-cv-2-col\"  data-pid=\"326\"><div class='pt-cv-ifield'><h4 class=\"pt-cv-title\"><a href=\"https:\/\/www.vossgolf.no\/?p=326\" class=\"_self cvplbd\" target=\"_self\" >Innmeldingsskjema<\/a><\/h4>\n<div class=\"pt-cv-content\">Info om medlem: Forskjellige medlemskap og kontigentar for 2026 A-medlem Pris Fritt spel vaksen med medlemsandel Fritt spel ektefelle\/sambuar med ...<br \/><div class=\"pt-cv-rmwrap\"><a href=\"https:\/\/www.vossgolf.no\/?p=326\" class=\"_self pt-cv-readmore btn btn-success cvplbd\" target=\"_self\">Les meir\u2026<\/a><\/div><\/div><\/div><\/div>\n<div class=\"col-md-6 col-sm-6 col-xs-12 pt-cv-content-item pt-cv-2-col\"  data-pid=\"335\"><div class='pt-cv-ifield'><h4 class=\"pt-cv-title\"><a href=\"https:\/\/www.vossgolf.no\/?p=335\" class=\"_self cvplbd\" target=\"_self\" >Medlemskap\/prisar<\/a><\/h4>\n<div class=\"pt-cv-content\">Du er velkomen som nytt medlem i Voss Golfklubb. Gjennom eit medlemskap i klubben f\u00e5r du: Godt tilbud p\u00e5 oppl\u00e6ring; ...<br \/><div class=\"pt-cv-rmwrap\"><a href=\"https:\/\/www.vossgolf.no\/?p=335\" class=\"_self pt-cv-readmore btn btn-success cvplbd\" target=\"_self\">Les meir\u2026<\/a><\/div><\/div><\/div><\/div>\n<div class=\"col-md-6 col-sm-6 col-xs-12 pt-cv-content-item pt-cv-2-col\"  data-pid=\"339\"><div class='pt-cv-ifield'><h4 class=\"pt-cv-title\"><a href=\"https:\/\/www.vossgolf.no\/?p=339\" class=\"_self cvplbd\" target=\"_self\" >Vegen til golf\/kurs<\/a><\/h4>\n<div class=\"pt-cv-content\">Vegen til golf (VTG) er eit obligatorisk kurs for alle som vil byrje \u00e5 spele golf. Kurset best\u00e5r av teori, ...<br \/><div class=\"pt-cv-rmwrap\"><a href=\"https:\/\/www.vossgolf.no\/?p=339\" class=\"_self pt-cv-readmore btn btn-success cvplbd\" target=\"_self\">Les meir\u2026<\/a><\/div><\/div><\/div><\/div>\n<div class=\"col-md-6 col-sm-6 col-xs-12 pt-cv-content-item pt-cv-2-col\"  data-pid=\"343\"><div class='pt-cv-ifield'><h4 class=\"pt-cv-title\"><a href=\"https:\/\/www.vossgolf.no\/?p=343\" class=\"_self cvplbd\" target=\"_self\" >Damegruppa<\/a><\/h4>\n<div class=\"pt-cv-content\">Leiar for damegruppa er Sunniva Horvei,Tlf 926 18321 sunnivahorvei@hotmail.com ...<br \/><div class=\"pt-cv-rmwrap\"><a href=\"https:\/\/www.vossgolf.no\/?p=343\" class=\"_self pt-cv-readmore btn btn-success cvplbd\" target=\"_self\">Les meir\u2026<\/a><\/div><\/div><\/div><\/div>\n<div class=\"col-md-6 col-sm-6 col-xs-12 pt-cv-content-item pt-cv-2-col\"  data-pid=\"345\"><div class='pt-cv-ifield'><h4 class=\"pt-cv-title\"><a href=\"https:\/\/www.vossgolf.no\/?p=345\" class=\"_self cvplbd\" target=\"_self\" >Seniorgruppa<\/a><\/h4>\n<div class=\"pt-cv-content\">Seniorgruppa er aktive p\u00e5 mange frontar. Her kan du etterkvart lese meir om Frukostgolfen, Hordaland seniorgolf og Norsk Seniorgolf. Frukostgolfen ...<br \/><div class=\"pt-cv-rmwrap\"><a href=\"https:\/\/www.vossgolf.no\/?p=345\" class=\"_self pt-cv-readmore btn btn-success cvplbd\" target=\"_self\">Les meir\u2026<\/a><\/div><\/div><\/div><\/div>\n<div class=\"col-md-6 col-sm-6 col-xs-12 pt-cv-content-item pt-cv-2-col\"  data-pid=\"347\"><div class='pt-cv-ifield'><h4 class=\"pt-cv-title\"><a href=\"https:\/\/www.vossgolf.no\/?p=347\" class=\"_self cvplbd\" target=\"_self\" >Junior<\/a><\/h4>\n<div class=\"pt-cv-content\">\u00c5 f\u00e5 ei god satsing p\u00e5 junior omr\u00e5det er noko av det viktigaste for golfbanen og Voss Golfklubb i tida ...<br \/><div class=\"pt-cv-rmwrap\"><a href=\"https:\/\/www.vossgolf.no\/?p=347\" class=\"_self pt-cv-readmore btn btn-success cvplbd\" target=\"_self\">Les meir\u2026<\/a><\/div><\/div><\/div><\/div>\n<div class=\"col-md-6 col-sm-6 col-xs-12 pt-cv-content-item pt-cv-2-col\"  data-pid=\"349\"><div class='pt-cv-ifield'><h4 class=\"pt-cv-title\"><a href=\"https:\/\/www.vossgolf.no\/?p=349\" class=\"_self cvplbd\" target=\"_self\" >Styret i Voss Golfklubb<\/a><\/h4>\n<div class=\"pt-cv-content\">Styreleiar:\u00a0Glenn Ove Hovland Tlf 992 13197 glenn.hovland@gmail.com Nestleiar: Terje Vethe 990 22766 terjevet@online.no Styremedlem:\u00a0Kjetil Brusveen, Tlf 918 68172 kjebrus@online.no Styremedlem: ...<br \/><div class=\"pt-cv-rmwrap\"><a href=\"https:\/\/www.vossgolf.no\/?p=349\" class=\"_self pt-cv-readmore btn btn-success cvplbd\" target=\"_self\">Les meir\u2026<\/a><\/div><\/div><\/div><\/div>\n<div class=\"col-md-6 col-sm-6 col-xs-12 pt-cv-content-item pt-cv-2-col\"  data-pid=\"1678\"><div class='pt-cv-ifield'><h4 class=\"pt-cv-title\"><a href=\"https:\/\/www.vossgolf.no\/?p=1678\" class=\"_self cvplbd\" target=\"_self\" >Terminliste Voss GK<\/a><\/h4>\n<div class=\"pt-cv-content\">Terminliste fr\u00e5 Golfbox ...<br \/><div class=\"pt-cv-rmwrap\"><a href=\"https:\/\/www.vossgolf.no\/?p=1678\" class=\"_self pt-cv-readmore btn btn-success cvplbd\" target=\"_self\">Les meir\u2026<\/a><\/div><\/div><\/div><\/div>\n<div class=\"col-md-6 col-sm-6 col-xs-12 pt-cv-content-item pt-cv-2-col\"  data-pid=\"3540\"><div class='pt-cv-ifield'><h4 class=\"pt-cv-title\"><a href=\"https:\/\/www.vossgolf.no\/?p=3540\" class=\"_self cvplbd\" target=\"_self\" >Lover for Voss Golfklubb<\/a><\/h4>\n<div class=\"pt-cv-content\">Del A: \u00a0 Lov for Voss Golfklubb, Stiftet 23.04.1998 Vedtatt den 14.05.2001 med seinare endringar 26.11.2010, seinaste 11.12.2019. Godkjent av ...<br \/><div class=\"pt-cv-rmwrap\"><a href=\"https:\/\/www.vossgolf.no\/?p=3540\" class=\"_self pt-cv-readmore btn btn-success cvplbd\" target=\"_self\">Les meir\u2026<\/a><\/div><\/div><\/div><\/div><\/div><\/div><\/div>\t\t\t<style type=\"text\/css\" id=\"pt-cv-inline-style-3974590lru\">#pt-cv-view-5e0a3e28jc.pt-cv-post-border .pt-cv-content-item   { border-top-style: solid; border-left-style: solid; }\n#pt-cv-view-5e0a3e28jc .pt-cv-title a, #pt-cv-view-5e0a3e28jc  .panel-title { font-weight: 600 !important; }\n#pt-cv-view-5e0a3e28jc  .pt-cv-hover-wrapper::before   { background-color: rgba(0,0,0,.3) !important; }\n#pt-cv-view-5e0a3e28jc  .pt-cv-content-item:hover .pt-cv-hover-wrapper::before   { background-color: rgba(51,51,51,.6) !important; }\n#pt-cv-view-5e0a3e28jc:not(.pt-cv-nohover) .pt-cv-mask *   { color: #fff; }\n#pt-cv-view-5e0a3e28jc .pt-cv-carousel-caption  { background-color: rgba(51,51,51,.6) !important; }\n#pt-cv-view-5e0a3e28jc .pt-cv-specialp * { color: #fff !important; background-color: #CC3333 !important; }\n#pt-cv-view-5e0a3e28jc .pt-cv-pficon  { color: #bbb !important; }\n#pt-cv-view-5e0a3e28jc  .add_to_cart_button, #pt-cv-view-5e0a3e28jc  .add_to_cart_button *   { color: #ffffff !important; background-color: #00aeef !important; }\n#pt-cv-view-5e0a3e28jc  .woocommerce-onsale   { color: #ffffff !important; background-color: #ff5a5f !important; }\n#pt-cv-view-5e0a3e28jc .pt-cv-readmore  { color: #ffffff !important; background-color: #00af0e !important; }\n#pt-cv-view-5e0a3e28jc .pt-cv-readmore:hover  { color: #ffffff !important; background-color: #00af0e !important; }\n#pt-cv-view-5e0a3e28jc  + .pt-cv-pagination-wrapper .pt-cv-more , #pt-cv-view-5e0a3e28jc  + .pt-cv-pagination-wrapper .pagination .active a { color: #ffffff !important; background-color: #00aeef !important; }\n[id^='pt-cv-filter-bar-5e0a3e28jc'] .active.pt-cv-filter-option, [id^='pt-cv-filter-bar-5e0a3e28jc'] .active .pt-cv-filter-option, [id^='pt-cv-filter-bar-5e0a3e28jc'] .selected.pt-cv-filter-option, [id^='pt-cv-filter-bar-5e0a3e28jc'] .dropdown-toggle   { color: #fff !important; background-color: #00aeef !important; }\n[id^='pt-cv-filter-bar-5e0a3e28jc'] .pt-cv-filter-title   { color: #fff !important; background-color: #00aeef !important; }\n#pt-cv-gls-5e0a3e28jc li a.pt-active   { color: #fff !important; background-color: #ff5a5f !important; }\n#pt-cv-view-5e0a3e28jc .pt-cv-gls-header  { color: #fff !important; background-color: #00aeef !important; }<\/style>\r\n\t\t\t\n","protected":false},"excerpt":{"rendered":"","protected":false},"author":4,"featured_media":0,"parent":0,"menu_order":0,"comment_status":"closed","ping_status":"closed","template":"","meta":[],"_links":{"self":[{"href":"https:\/\/www.vossgolf.no\/index.php?rest_route=\/wp\/v2\/pages\/1451"}],"collection":[{"href":"https:\/\/www.vossgolf.no\/index.php?rest_route=\/wp\/v2\/pages"}],"about":[{"href":"https:\/\/www.vossgolf.no\/index.php?rest_route=\/wp\/v2\/types\/page"}],"author":[{"embeddable":true,"href":"https:\/\/www.vossgolf.no\/index.php?rest_route=\/wp\/v2\/users\/4"}],"replies":[{"embeddable":true,"href":"https:\/\/www.vossgolf.no\/index.php?rest_route=%2Fwp%2Fv2%2Fcomments&post=1451"}],"version-history":[{"count":5,"href":"https:\/\/www.vossgolf.no\/index.php?rest_route=\/wp\/v2\/pages\/1451\/revisions"}],"predecessor-version":[{"id":5794,"href":"https:\/\/www.vossgolf.no\/index.php?rest_route=\/wp\/v2\/pages\/1451\/revisions\/5794"}],"wp:attachment":[{"href":"https:\/\/www.vossgolf.no\/index.php?rest_route=%2Fwp%2Fv2%2Fmedia&parent=1451"}],"curies":[{"name":"wp","href":"https:\/\/api.w.org\/{rel}","templated":true}]}}