{"id":1454,"date":"2018-05-08T21:38:33","date_gmt":"2018-05-08T21:38:33","guid":{"rendered":"https:\/\/www.vossgolf.no\/?page_id=1454"},"modified":"2018-05-08T21:38:33","modified_gmt":"2018-05-08T21:38:33","slug":"bane","status":"publish","type":"page","link":"https:\/\/www.vossgolf.no\/?page_id=1454","title":{"rendered":"Bane"},"content":{"rendered":"<div class=\"pt-cv-wrapper\"><div class=\"pt-cv-view pt-cv-grid pt-cv-colsys pt-cv-sharp-buttons\" id=\"pt-cv-view-2a82c25n8l\"><div data-id=\"pt-cv-page-1\" class=\"pt-cv-page\" data-cvc=\"2\"><div class=\"col-md-6 col-sm-6 col-xs-12 pt-cv-content-item pt-cv-1-col\"  data-pid=\"58\"><div class='pt-cv-ifield'><h4 class=\"pt-cv-title\"><a href=\"https:\/\/www.vossgolf.no\/?p=58\" class=\"_self cvplbd\" target=\"_self\" >Banekart<\/a><\/h4>\n<div class=\"pt-cv-content\">Nedanfor finn du oversiktskart over alle hol p\u00e5 banen, og i BANEGUIDE finn du eigne kart med video og detaljert ...<br \/><div class=\"pt-cv-rmwrap\"><a href=\"https:\/\/www.vossgolf.no\/?p=58\" class=\"_self pt-cv-readmore btn btn-success cvplbd\" target=\"_self\">Les meir\u2026<\/a><\/div><\/div><\/div><\/div>\n<div class=\"col-md-6 col-sm-6 col-xs-12 pt-cv-content-item pt-cv-1-col\"  data-pid=\"68\"><div class='pt-cv-ifield'><h4 class=\"pt-cv-title\"><a href=\"https:\/\/www.vossgolf.no\/?p=68\" class=\"_self cvplbd\" target=\"_self\" >Baneguide<\/a><\/h4>\n<div class=\"pt-cv-content\"> ...<br \/><div class=\"pt-cv-rmwrap\"><a href=\"https:\/\/www.vossgolf.no\/?p=68\" class=\"_self pt-cv-readmore btn btn-success cvplbd\" target=\"_self\">Les meir\u2026<\/a><\/div><\/div><\/div><\/div>\n<div class=\"col-md-6 col-sm-6 col-xs-12 pt-cv-content-item pt-cv-1-col\"  data-pid=\"287\"><div class='pt-cv-ifield'><h4 class=\"pt-cv-title\"><a href=\"https:\/\/www.vossgolf.no\/?p=287\" class=\"_self cvplbd\" target=\"_self\" >Treningsomr\u00e5de<\/a><\/h4>\n<div class=\"pt-cv-content\">Voss golfklubb kan tilby flotte treningsomr\u00e5der med b\u00e5de chippingomr\u00e5de for innspel, ein stor \u00f8vingsgreen med 9 hol kor du kan ...<br \/><div class=\"pt-cv-rmwrap\"><a href=\"https:\/\/www.vossgolf.no\/?p=287\" class=\"_self pt-cv-readmore btn btn-success cvplbd\" target=\"_self\">Les meir\u2026<\/a><\/div><\/div><\/div><\/div>\n<div class=\"col-md-6 col-sm-6 col-xs-12 pt-cv-content-item pt-cv-1-col\"  data-pid=\"299\"><div class='pt-cv-ifield'><h4 class=\"pt-cv-title\"><a href=\"https:\/\/www.vossgolf.no\/?p=299\" class=\"_self cvplbd\" target=\"_self\" >Scorekort<\/a><\/h4>\n<div class=\"pt-cv-content\">\u00a0 \u00a0 ...<br \/><div class=\"pt-cv-rmwrap\"><a href=\"https:\/\/www.vossgolf.no\/?p=299\" class=\"_self pt-cv-readmore btn btn-success cvplbd\" target=\"_self\">Les meir\u2026<\/a><\/div><\/div><\/div><\/div>\n<div class=\"col-md-6 col-sm-6 col-xs-12 pt-cv-content-item pt-cv-1-col\"  data-pid=\"1654\"><div class='pt-cv-ifield'><h4 class=\"pt-cv-title\"><a href=\"https:\/\/www.vossgolf.no\/?p=1654\" class=\"_self cvplbd\" target=\"_self\" >Video av banen<\/a><\/h4>\n<div class=\"pt-cv-content\">Voss Golf Teaser from PanoramaHardanger on Vimeo ...<br \/><div class=\"pt-cv-rmwrap\"><a href=\"https:\/\/www.vossgolf.no\/?p=1654\" class=\"_self pt-cv-readmore btn btn-success cvplbd\" target=\"_self\">Les meir\u2026<\/a><\/div><\/div><\/div><\/div>\n<div class=\"col-md-6 col-sm-6 col-xs-12 pt-cv-content-item pt-cv-1-col\"  data-pid=\"292\"><div class='pt-cv-ifield'><h4 class=\"pt-cv-title\"><a href=\"https:\/\/www.vossgolf.no\/?p=292\" class=\"_self cvplbd\" target=\"_self\" >Greenfee<\/a><\/h4>\n<div class=\"pt-cv-content\">Greenfee 2026 Greenfee satsene varierer etter tid p\u00e5 dagen, og kva vekedag ein vil spela. Sjekk Golfbox for ledige tider, ...<br \/><div class=\"pt-cv-rmwrap\"><a href=\"https:\/\/www.vossgolf.no\/?p=292\" class=\"_self pt-cv-readmore btn btn-success cvplbd\" target=\"_self\">Les meir\u2026<\/a><\/div><\/div><\/div><\/div>\n<div class=\"col-md-6 col-sm-6 col-xs-12 pt-cv-content-item pt-cv-1-col\"  data-pid=\"295\"><div class='pt-cv-ifield'><h4 class=\"pt-cv-title\"><a href=\"https:\/\/www.vossgolf.no\/?p=295\" class=\"_self cvplbd\" target=\"_self\" >Slopetabellar<\/a><\/h4>\n<div class=\"pt-cv-content\"> ...<br \/><div class=\"pt-cv-rmwrap\"><a href=\"https:\/\/www.vossgolf.no\/?p=295\" class=\"_self pt-cv-readmore btn btn-success cvplbd\" target=\"_self\">Les meir\u2026<\/a><\/div><\/div><\/div><\/div>\n<div class=\"col-md-6 col-sm-6 col-xs-12 pt-cv-content-item pt-cv-1-col\"  data-pid=\"303\"><div class='pt-cv-ifield'><h4 class=\"pt-cv-title\"><a href=\"https:\/\/www.vossgolf.no\/?p=303\" class=\"_self cvplbd\" target=\"_self\" >Golfsimulator<\/a><\/h4>\n<div class=\"pt-cv-content\">Voss Golfklubb regler for Innesvingen:Alle k\u00f8ller m\u00e5 vera vaska og reine.Sko skal vera reine.Bruk nye baller, baller brukt ute skal ...<br \/><div class=\"pt-cv-rmwrap\"><a href=\"https:\/\/www.vossgolf.no\/?p=303\" class=\"_self pt-cv-readmore btn btn-success cvplbd\" target=\"_self\">Les meir\u2026<\/a><\/div><\/div><\/div><\/div>\n<div class=\"col-md-6 col-sm-6 col-xs-12 pt-cv-content-item pt-cv-1-col\"  data-pid=\"307\"><div class='pt-cv-ifield'><h4 class=\"pt-cv-title\"><a href=\"https:\/\/www.vossgolf.no\/?p=307\" class=\"_self cvplbd\" target=\"_self\" >Kafeteria<\/a><\/h4>\n<div class=\"pt-cv-content\">Voss Golfbaner sin kafe med flott uteservering ligg idyllisk til, med utsikt over golfbanen, L\u00f8navatnet og L\u00f8nahorgi. Kafeen er \u00e5pen ...<br \/><div class=\"pt-cv-rmwrap\"><a href=\"https:\/\/www.vossgolf.no\/?p=307\" class=\"_self pt-cv-readmore btn btn-success cvplbd\" target=\"_self\">Les meir\u2026<\/a><\/div><\/div><\/div><\/div>\n<div class=\"col-md-6 col-sm-6 col-xs-12 pt-cv-content-item pt-cv-1-col\"  data-pid=\"415\"><div class='pt-cv-ifield'><h4 class=\"pt-cv-title\"><a href=\"https:\/\/www.vossgolf.no\/?p=415\" class=\"_self cvplbd\" target=\"_self\" >Banestatus<\/a><\/h4>\n<div class=\"pt-cv-content\">Banen: Stengt - siste dag for spel p\u00e5 bana i 2025 var onsdag 15. oktober Treningsomr\u00e5det og Driving Range: OPEN ...<br \/><div class=\"pt-cv-rmwrap\"><a href=\"https:\/\/www.vossgolf.no\/?p=415\" class=\"_self pt-cv-readmore btn btn-success cvplbd\" target=\"_self\">Les meir\u2026<\/a><\/div><\/div><\/div><\/div>\n<div class=\"col-md-6 col-sm-6 col-xs-12 pt-cv-content-item pt-cv-1-col\"  data-pid=\"305\"><div class='pt-cv-ifield'><h4 class=\"pt-cv-title\"><a href=\"https:\/\/www.vossgolf.no\/?p=305\" class=\"_self cvplbd\" target=\"_self\" >Hole in one<\/a><\/h4>\n<div class=\"pt-cv-content\">Det er ikkje alle forunt \u00e5 sj\u00e5 ballen g\u00e5 rett i koppen p\u00e5 fyrste slag, men nokon har greid det ...<br \/><div class=\"pt-cv-rmwrap\"><a href=\"https:\/\/www.vossgolf.no\/?p=305\" class=\"_self pt-cv-readmore btn btn-success cvplbd\" target=\"_self\">Les meir\u2026<\/a><\/div><\/div><\/div><\/div><\/div><\/div><\/div>\t\t\t<style type=\"text\/css\" id=\"pt-cv-inline-style-b681665g87\">#pt-cv-view-2a82c25n8l.pt-cv-post-border .pt-cv-content-item   { border-top-style: solid; border-left-style: solid; }\n#pt-cv-view-2a82c25n8l .pt-cv-title a, #pt-cv-view-2a82c25n8l  .panel-title { font-weight: 600 !important; }\n#pt-cv-view-2a82c25n8l .pt-cv-readmore  { color: #ffffff !important; background-color: #00af0e !important; }\n#pt-cv-view-2a82c25n8l .pt-cv-readmore:hover  { color: #ffffff !important; background-color: #00af0e !important; }\n#pt-cv-view-2a82c25n8l  + .pt-cv-pagination-wrapper .pt-cv-more , #pt-cv-view-2a82c25n8l  + .pt-cv-pagination-wrapper .pagination .active a { color: #ffffff !important; background-color: #00aeef !important; }<\/style>\r\n\t\t\t\n","protected":false},"excerpt":{"rendered":"","protected":false},"author":4,"featured_media":0,"parent":0,"menu_order":0,"comment_status":"closed","ping_status":"closed","template":"","meta":[],"_links":{"self":[{"href":"https:\/\/www.vossgolf.no\/index.php?rest_route=\/wp\/v2\/pages\/1454"}],"collection":[{"href":"https:\/\/www.vossgolf.no\/index.php?rest_route=\/wp\/v2\/pages"}],"about":[{"href":"https:\/\/www.vossgolf.no\/index.php?rest_route=\/wp\/v2\/types\/page"}],"author":[{"embeddable":true,"href":"https:\/\/www.vossgolf.no\/index.php?rest_route=\/wp\/v2\/users\/4"}],"replies":[{"embeddable":true,"href":"https:\/\/www.vossgolf.no\/index.php?rest_route=%2Fwp%2Fv2%2Fcomments&post=1454"}],"version-history":[{"count":2,"href":"https:\/\/www.vossgolf.no\/index.php?rest_route=\/wp\/v2\/pages\/1454\/revisions"}],"predecessor-version":[{"id":7841,"href":"https:\/\/www.vossgolf.no\/index.php?rest_route=\/wp\/v2\/pages\/1454\/revisions\/7841"}],"wp:attachment":[{"href":"https:\/\/www.vossgolf.no\/index.php?rest_route=%2Fwp%2Fv2%2Fmedia&parent=1454"}],"curies":[{"name":"wp","href":"https:\/\/api.w.org\/{rel}","templated":true}]}}