{"id":1563,"date":"2018-05-09T15:26:14","date_gmt":"2018-05-09T15:26:14","guid":{"rendered":"https:\/\/www.vossgolf.no\/?page_id=1563"},"modified":"2018-05-09T21:47:08","modified_gmt":"2018-05-09T21:47:08","slug":"golf-course","status":"publish","type":"page","link":"https:\/\/www.vossgolf.no\/?page_id=1563&lang=en","title":{"rendered":"Golf course"},"content":{"rendered":"<div class=\"pt-cv-wrapper\"><div class=\"pt-cv-view pt-cv-grid pt-cv-colsys pt-cv-sharp-buttons\" id=\"pt-cv-view-62571313jd\"><div data-id=\"pt-cv-page-1\" class=\"pt-cv-page\" data-cvc=\"2\"><div class=\"col-md-6 col-sm-6 col-xs-12 pt-cv-content-item pt-cv-2-col\"  data-pid=\"807\"><div class='pt-cv-ifield'><h4 class=\"pt-cv-title\"><a href=\"https:\/\/www.vossgolf.no\/?p=807&#038;lang=en\" class=\"_self cvplbd\" target=\"_self\" >Course Map<\/a><\/h4>\n<div class=\"pt-cv-content\">Below, you will find an overview map of the the golf course, showing all holes, training area, club house etc ...<br \/><div class=\"pt-cv-rmwrap\"><a href=\"https:\/\/www.vossgolf.no\/?p=807&#038;lang=en\" class=\"_self pt-cv-readmore btn btn-success cvplbd\" target=\"_self\">Read more...<\/a><\/div><\/div><\/div><\/div>\n<div class=\"col-md-6 col-sm-6 col-xs-12 pt-cv-content-item pt-cv-2-col\"  data-pid=\"742\"><div class='pt-cv-ifield'><h4 class=\"pt-cv-title\"><a href=\"https:\/\/www.vossgolf.no\/?p=742&#038;lang=en\" class=\"_self cvplbd\" target=\"_self\" >Course guide<\/a><\/h4>\n<div class=\"pt-cv-content\"> ...<br \/><div class=\"pt-cv-rmwrap\"><a href=\"https:\/\/www.vossgolf.no\/?p=742&#038;lang=en\" class=\"_self pt-cv-readmore btn btn-success cvplbd\" target=\"_self\">Read more...<\/a><\/div><\/div><\/div><\/div>\n<div class=\"col-md-6 col-sm-6 col-xs-12 pt-cv-content-item pt-cv-2-col\"  data-pid=\"1107\"><div class='pt-cv-ifield'><h4 class=\"pt-cv-title\"><a href=\"https:\/\/www.vossgolf.no\/?p=1107&#038;lang=en\" class=\"_self cvplbd\" target=\"_self\" >Practice area<\/a><\/h4>\n<div class=\"pt-cv-content\">Voss Golf Club offer a great practice area. Here you will find a practice green with 9 holes, chipping green ...<br \/><div class=\"pt-cv-rmwrap\"><a href=\"https:\/\/www.vossgolf.no\/?p=1107&#038;lang=en\" class=\"_self pt-cv-readmore btn btn-success cvplbd\" target=\"_self\">Read more...<\/a><\/div><\/div><\/div><\/div>\n<div class=\"col-md-6 col-sm-6 col-xs-12 pt-cv-content-item pt-cv-2-col\"  data-pid=\"1118\"><div class='pt-cv-ifield'><h4 class=\"pt-cv-title\"><a href=\"https:\/\/www.vossgolf.no\/?p=1118&#038;lang=en\" class=\"_self cvplbd\" target=\"_self\" >Greenfee<\/a><\/h4>\n<div class=\"pt-cv-content\">Greenfee 2025 The prices varies after what day and time of the day you want to play. Check out golfbox ...<br \/><div class=\"pt-cv-rmwrap\"><a href=\"https:\/\/www.vossgolf.no\/?p=1118&#038;lang=en\" class=\"_self pt-cv-readmore btn btn-success cvplbd\" target=\"_self\">Read more...<\/a><\/div><\/div><\/div><\/div>\n<div class=\"col-md-6 col-sm-6 col-xs-12 pt-cv-content-item pt-cv-2-col\"  data-pid=\"1125\"><div class='pt-cv-ifield'><h4 class=\"pt-cv-title\"><a href=\"https:\/\/www.vossgolf.no\/?p=1125&#038;lang=en\" class=\"_self cvplbd\" target=\"_self\" >Slope table<\/a><\/h4>\n<div class=\"pt-cv-content\"> ...<br \/><div class=\"pt-cv-rmwrap\"><a href=\"https:\/\/www.vossgolf.no\/?p=1125&#038;lang=en\" class=\"_self pt-cv-readmore btn btn-success cvplbd\" target=\"_self\">Read more...<\/a><\/div><\/div><\/div><\/div>\n<div class=\"col-md-6 col-sm-6 col-xs-12 pt-cv-content-item pt-cv-2-col\"  data-pid=\"1130\"><div class='pt-cv-ifield'><h4 class=\"pt-cv-title\"><a href=\"https:\/\/www.vossgolf.no\/?p=1130&#038;lang=en\" class=\"_self cvplbd\" target=\"_self\" >Scorecard<\/a><\/h4>\n<div class=\"pt-cv-content\">DEFIBRILLATOR IS INSIDE THE CLUB HOUSE AT THE RECEPTION DISK Translation of local rules (A-1): Definition of the course Out ...<br \/><div class=\"pt-cv-rmwrap\"><a href=\"https:\/\/www.vossgolf.no\/?p=1130&#038;lang=en\" class=\"_self pt-cv-readmore btn btn-success cvplbd\" target=\"_self\">Read more...<\/a><\/div><\/div><\/div><\/div>\n<div class=\"col-md-6 col-sm-6 col-xs-12 pt-cv-content-item pt-cv-2-col\"  data-pid=\"1141\"><div class='pt-cv-ifield'><h4 class=\"pt-cv-title\"><a href=\"https:\/\/www.vossgolf.no\/?p=1141&#038;lang=en\" class=\"_self cvplbd\" target=\"_self\" >Golfsimulator<\/a><\/h4>\n<div class=\"pt-cv-content\">In our clubhouse, Voss Golf Club have two golf simulators, which is in use during the whole winter season, when ...<br \/><div class=\"pt-cv-rmwrap\"><a href=\"https:\/\/www.vossgolf.no\/?p=1141&#038;lang=en\" class=\"_self pt-cv-readmore btn btn-success cvplbd\" target=\"_self\">Read more...<\/a><\/div><\/div><\/div><\/div>\n<div class=\"col-md-6 col-sm-6 col-xs-12 pt-cv-content-item pt-cv-2-col\"  data-pid=\"1146\"><div class='pt-cv-ifield'><h4 class=\"pt-cv-title\"><a href=\"https:\/\/www.vossgolf.no\/?p=1146&#038;lang=en\" class=\"_self cvplbd\" target=\"_self\" >Hole in one<\/a><\/h4>\n<div class=\"pt-cv-content\">It's not every day you get a hole in one. At our course at his point 11 lucky and skilled ...<br \/><div class=\"pt-cv-rmwrap\"><a href=\"https:\/\/www.vossgolf.no\/?p=1146&#038;lang=en\" class=\"_self pt-cv-readmore btn btn-success cvplbd\" target=\"_self\">Read more...<\/a><\/div><\/div><\/div><\/div>\n<div class=\"col-md-6 col-sm-6 col-xs-12 pt-cv-content-item pt-cv-2-col\"  data-pid=\"1151\"><div class='pt-cv-ifield'><h4 class=\"pt-cv-title\"><a href=\"https:\/\/www.vossgolf.no\/?p=1151&#038;lang=en\" class=\"_self cvplbd\" target=\"_self\" >Caf\u00e9<\/a><\/h4>\n<div class=\"pt-cv-content\">The caf\u00e9 at Voss Golfbaner is lovely situated with a nice view over the golf course, L\u00f8navatnet and L\u00f8nahorgi. In ...<br \/><div class=\"pt-cv-rmwrap\"><a href=\"https:\/\/www.vossgolf.no\/?p=1151&#038;lang=en\" class=\"_self pt-cv-readmore btn btn-success cvplbd\" target=\"_self\">Read more...<\/a><\/div><\/div><\/div><\/div>\n<div class=\"col-md-6 col-sm-6 col-xs-12 pt-cv-content-item pt-cv-2-col\"  data-pid=\"1639\"><div class='pt-cv-ifield'><h4 class=\"pt-cv-title\"><a href=\"https:\/\/www.vossgolf.no\/?p=1639&#038;lang=en\" class=\"_self cvplbd\" target=\"_self\" >Course status<\/a><\/h4>\n<div class=\"pt-cv-content\">Golf course: The golf course is OPEN. Training area: The training area is OPEN.\u00a0 Driving Range: The driving range is ...<br \/><div class=\"pt-cv-rmwrap\"><a href=\"https:\/\/www.vossgolf.no\/?p=1639&#038;lang=en\" class=\"_self pt-cv-readmore btn btn-success cvplbd\" target=\"_self\">Read more...<\/a><\/div><\/div><\/div><\/div>\n<div class=\"col-md-6 col-sm-6 col-xs-12 pt-cv-content-item pt-cv-2-col\"  data-pid=\"1651\"><div class='pt-cv-ifield'><h4 class=\"pt-cv-title\"><a href=\"https:\/\/www.vossgolf.no\/?p=1651&#038;lang=en\" class=\"_self cvplbd\" target=\"_self\" >Video of the course<\/a><\/h4>\n<div class=\"pt-cv-content\">Voss Golf Teaser from PanoramaHardanger on Vimeo ...<br \/><div class=\"pt-cv-rmwrap\"><a href=\"https:\/\/www.vossgolf.no\/?p=1651&#038;lang=en\" class=\"_self pt-cv-readmore btn btn-success cvplbd\" target=\"_self\">Read more...<\/a><\/div><\/div><\/div><\/div><\/div><\/div><\/div>\t\t\t<style type=\"text\/css\" id=\"pt-cv-inline-style-0374be1owu\">#pt-cv-view-62571313jd.pt-cv-post-border .pt-cv-content-item   { border-top-style: solid; border-left-style: solid; }\n#pt-cv-view-62571313jd .pt-cv-title a, #pt-cv-view-62571313jd  .panel-title { font-weight: 600 !important; }\n#pt-cv-view-62571313jd  .pt-cv-hover-wrapper::before   { background-color: rgba(0,0,0,.3) !important; }\n#pt-cv-view-62571313jd  .pt-cv-content-item:hover .pt-cv-hover-wrapper::before   { background-color: rgba(51,51,51,.6) !important; }\n#pt-cv-view-62571313jd:not(.pt-cv-nohover) .pt-cv-mask *   { color: #fff; }\n#pt-cv-view-62571313jd .pt-cv-carousel-caption  { background-color: rgba(51,51,51,.6) !important; }\n#pt-cv-view-62571313jd .pt-cv-specialp * { color: #fff !important; background-color: #CC3333 !important; }\n#pt-cv-view-62571313jd .pt-cv-pficon  { color: #bbb !important; }\n#pt-cv-view-62571313jd  .add_to_cart_button, #pt-cv-view-62571313jd  .add_to_cart_button *   { color: #ffffff !important; background-color: #00aeef !important; }\n#pt-cv-view-62571313jd  .woocommerce-onsale   { color: #ffffff !important; background-color: #ff5a5f !important; }\n#pt-cv-view-62571313jd .pt-cv-readmore  { color: #ffffff !important; background-color: #00af0e !important; }\n#pt-cv-view-62571313jd .pt-cv-readmore:hover  { color: #ffffff !important; background-color: #00af0e !important; }\n#pt-cv-view-62571313jd  + .pt-cv-pagination-wrapper .pt-cv-more , #pt-cv-view-62571313jd  + .pt-cv-pagination-wrapper .pagination .active a { color: #ffffff !important; background-color: #00aeef !important; }\n[id^='pt-cv-filter-bar-62571313jd'] .active.pt-cv-filter-option, [id^='pt-cv-filter-bar-62571313jd'] .active .pt-cv-filter-option, [id^='pt-cv-filter-bar-62571313jd'] .selected.pt-cv-filter-option, [id^='pt-cv-filter-bar-62571313jd'] .dropdown-toggle   { color: #fff !important; background-color: #00aeef !important; }\n[id^='pt-cv-filter-bar-62571313jd'] .pt-cv-filter-title   { color: #fff !important; background-color: #00aeef !important; }\n#pt-cv-gls-62571313jd li a.pt-active   { color: #fff !important; background-color: #ff5a5f !important; }\n#pt-cv-view-62571313jd .pt-cv-gls-header  { color: #fff !important; background-color: #00aeef !important; }<\/style>\r\n\t\t\t\n","protected":false},"excerpt":{"rendered":"","protected":false},"author":4,"featured_media":0,"parent":0,"menu_order":0,"comment_status":"closed","ping_status":"closed","template":"","meta":[],"_links":{"self":[{"href":"https:\/\/www.vossgolf.no\/index.php?rest_route=\/wp\/v2\/pages\/1563"}],"collection":[{"href":"https:\/\/www.vossgolf.no\/index.php?rest_route=\/wp\/v2\/pages"}],"about":[{"href":"https:\/\/www.vossgolf.no\/index.php?rest_route=\/wp\/v2\/types\/page"}],"author":[{"embeddable":true,"href":"https:\/\/www.vossgolf.no\/index.php?rest_route=\/wp\/v2\/users\/4"}],"replies":[{"embeddable":true,"href":"https:\/\/www.vossgolf.no\/index.php?rest_route=%2Fwp%2Fv2%2Fcomments&post=1563"}],"version-history":[{"count":4,"href":"https:\/\/www.vossgolf.no\/index.php?rest_route=\/wp\/v2\/pages\/1563\/revisions"}],"predecessor-version":[{"id":1673,"href":"https:\/\/www.vossgolf.no\/index.php?rest_route=\/wp\/v2\/pages\/1563\/revisions\/1673"}],"wp:attachment":[{"href":"https:\/\/www.vossgolf.no\/index.php?rest_route=%2Fwp%2Fv2%2Fmedia&parent=1563"}],"curies":[{"name":"wp","href":"https:\/\/api.w.org\/{rel}","templated":true}]}}