{"id":3215,"date":"2018-12-13T21:10:34","date_gmt":"2018-12-13T21:10:34","guid":{"rendered":"https:\/\/www.vossgolf.no\/?page_id=3215"},"modified":"2025-05-15T18:39:23","modified_gmt":"2025-05-15T18:39:23","slug":"bubilparkering","status":"publish","type":"page","link":"https:\/\/www.vossgolf.no\/?page_id=3215","title":{"rendered":"Bubilparkering"},"content":{"rendered":"<p><img loading=\"lazy\" class=\"size-medium wp-image-3250 alignright\" src=\"https:\/\/www.vossgolf.no\/wp-content\/uploads\/2018\/12\/elite_caravan-300x81.png\" alt=\"\" width=\"300\" height=\"81\" srcset=\"https:\/\/www.vossgolf.no\/wp-content\/uploads\/2018\/12\/elite_caravan-300x81.png 300w, https:\/\/www.vossgolf.no\/wp-content\/uploads\/2018\/12\/elite_caravan-768x208.png 768w, https:\/\/www.vossgolf.no\/wp-content\/uploads\/2018\/12\/elite_caravan-1024x277.png 1024w, https:\/\/www.vossgolf.no\/wp-content\/uploads\/2018\/12\/elite_caravan.png 1268w\" sizes=\"(max-width: 300px) 100vw, 300px\" \/><\/p>\n<h2>Kr 150-200 pr d\u00f8gn &#8211; Voss Golf<\/h2>\n<ul>\n<li>Idyllisk beliggande ved L\u00f8navatnet tilbyr Voss Golfbaner bubil parkering:<\/li>\n<li>Pris kr 150,- pr d\u00f8gn utan straum. kr 200,- med straum<\/li>\n<li>Fri tilgang til toalett i klubbhusets opningstider fr\u00e5 kl 07-22<\/li>\n<li>Fri tilgang til p\u00e5fylling av vatn.<\/li>\n<li>Kun 3 km til YX Skulestadmo bubil t\u00f8mmestasjon.<\/li>\n<li>Kafe med sm\u00e5rettar, \u00f8l og vinrett i sommarsesongen.<\/li>\n<li>Golf treningsomr\u00e5de, ogs\u00e5 for deg som aldri har spelt golf.<\/li>\n<li>Ved L\u00f8navatnet, med mulighet for bading og fiske.<\/li>\n<\/ul>\n<p><strong>For info og bestilling:<\/strong><\/p>\n<p>Golfparken 9<br \/>\n5710 Skulestadmo<br \/>\nTel 400 04490 \/ 992 13197<br \/>\n<a href=\"mailto:post@vossgolf.no\"><span style=\"color: #0000ff;\">post@vossgolf.no<\/span><\/a><\/p>\n<p><img loading=\"lazy\" class=\"alignleft wp-image-3264\" src=\"https:\/\/www.vossgolf.no\/wp-content\/uploads\/2018\/12\/caravan_kart-1.jpg\" alt=\"\" width=\"360\" height=\"650\" srcset=\"https:\/\/www.vossgolf.no\/wp-content\/uploads\/2018\/12\/caravan_kart-1.jpg 691w, https:\/\/www.vossgolf.no\/wp-content\/uploads\/2018\/12\/caravan_kart-1-166x300.jpg 166w, https:\/\/www.vossgolf.no\/wp-content\/uploads\/2018\/12\/caravan_kart-1-567x1024.jpg 567w\" sizes=\"(max-width: 360px) 100vw, 360px\" \/><\/p>\n<p><img class=\"alignleft size-full wp-image-3239\" src=\"https:\/\/www.vossgolf.no\/wp-content\/uploads\/2018\/12\/fullsizeoutput_236a-35.jpeg\" alt=\"\" width=\"45%\" srcset=\"https:\/\/www.vossgolf.no\/wp-content\/uploads\/2018\/12\/fullsizeoutput_236a-35.jpeg 640w, https:\/\/www.vossgolf.no\/wp-content\/uploads\/2018\/12\/fullsizeoutput_236a-35-300x199.jpeg 300w\" sizes=\"(max-width: 640px) 100vw, 640px\" \/><br \/>\n<img class=\"alignleft size-large wp-image-3222\" src=\"https:\/\/www.vossgolf.no\/wp-content\/uploads\/2018\/12\/fullsizeoutput_236c-39-1024x685.jpeg\" alt=\"\" width=\"45%\" srcset=\"https:\/\/www.vossgolf.no\/wp-content\/uploads\/2018\/12\/fullsizeoutput_236c-39-1024x685.jpeg 1024w, https:\/\/www.vossgolf.no\/wp-content\/uploads\/2018\/12\/fullsizeoutput_236c-39-300x201.jpeg 300w, https:\/\/www.vossgolf.no\/wp-content\/uploads\/2018\/12\/fullsizeoutput_236c-39-768x514.jpeg 768w, https:\/\/www.vossgolf.no\/wp-content\/uploads\/2018\/12\/fullsizeoutput_236c-39.jpeg 1118w\" sizes=\"(max-width: 1024px) 100vw, 1024px\" \/><\/p>\n","protected":false},"excerpt":{"rendered":"<p>Kr 150-200 pr d\u00f8gn &#8211; Voss Golf Idyllisk beliggande ved L\u00f8navatnet tilbyr Voss Golfbaner bubil parkering: Pris kr 150,- pr d\u00f8gn utan straum. kr 200,- med straum Fri tilgang til toalett i klubbhusets opningstider fr\u00e5 kl 07-22 Fri tilgang til p\u00e5fylling av vatn. Kun 3 km til YX Skulestadmo bubil t\u00f8mmestasjon. Kafe med sm\u00e5rettar, \u00f8l [&hellip;]<\/p>\n","protected":false},"author":4,"featured_media":3220,"parent":1430,"menu_order":0,"comment_status":"closed","ping_status":"closed","template":"","meta":[],"_links":{"self":[{"href":"https:\/\/www.vossgolf.no\/index.php?rest_route=\/wp\/v2\/pages\/3215"}],"collection":[{"href":"https:\/\/www.vossgolf.no\/index.php?rest_route=\/wp\/v2\/pages"}],"about":[{"href":"https:\/\/www.vossgolf.no\/index.php?rest_route=\/wp\/v2\/types\/page"}],"author":[{"embeddable":true,"href":"https:\/\/www.vossgolf.no\/index.php?rest_route=\/wp\/v2\/users\/4"}],"replies":[{"embeddable":true,"href":"https:\/\/www.vossgolf.no\/index.php?rest_route=%2Fwp%2Fv2%2Fcomments&post=3215"}],"version-history":[{"count":40,"href":"https:\/\/www.vossgolf.no\/index.php?rest_route=\/wp\/v2\/pages\/3215\/revisions"}],"predecessor-version":[{"id":8746,"href":"https:\/\/www.vossgolf.no\/index.php?rest_route=\/wp\/v2\/pages\/3215\/revisions\/8746"}],"up":[{"embeddable":true,"href":"https:\/\/www.vossgolf.no\/index.php?rest_route=\/wp\/v2\/pages\/1430"}],"wp:featuredmedia":[{"embeddable":true,"href":"https:\/\/www.vossgolf.no\/index.php?rest_route=\/wp\/v2\/media\/3220"}],"wp:attachment":[{"href":"https:\/\/www.vossgolf.no\/index.php?rest_route=%2Fwp%2Fv2%2Fmedia&parent=3215"}],"curies":[{"name":"wp","href":"https:\/\/api.w.org\/{rel}","templated":true}]}}