{"id":4,"date":"2018-04-24T10:15:01","date_gmt":"2018-04-24T10:15:01","guid":{"rendered":"https:\/\/www.vossgolf.no\/?page_id=4"},"modified":"2026-05-04T11:02:19","modified_gmt":"2026-05-04T11:02:19","slug":"heim","status":"publish","type":"page","link":"https:\/\/www.vossgolf.no\/","title":{"rendered":"Heim"},"content":{"rendered":"\n<div class=\"slideshow\" data-wk-slideshow=\"{}\">\n\n    <div class=\"wk-position-relative\">\n\n        <ul class=\"wk-slideshow wk-slideshow-fullscreen wk-overlay-active\">\n        \n            <li style=\"min-height: 300px;\">\n\n                \n                    <img src=\"\/wp-content\/uploads\/2018\/05\/Voss-Golfanlegg_sml.jpg\" alt=\"Velkomen til Voss Golfbaner\">\n                    \n                                        <div class=\"wk-overlay-panel wk-flex wk-flex-center wk-flex-middle wk-text-center wk-overlay-fade\">\n\n                                                <div>\n                        \n                                                <h3 class=\"wk-heading-large\">\n\n                            Velkomen til Voss Golfbaner\n                            \n                        <\/h3>\n                        \n                                                <div class=\"wk-h2 wk-margin\"><p>Idyllisk plassert ved L\u00f8navatnet, ein 9-hols golfbane med klubbhus, kaf\u00e9, golfsimulator og treningsomr\u00e5de.<\/p>\n<\/div>\n                        \n                        \n                                                <\/div>\n                        \n                    <\/div>\n                    \n                    \n                \n            <\/li>\n\n                <\/ul>\n\n        \n        \n    <\/div>\n\n    \n<\/div>\n\n<p>\n\/* Style the form &#8211; display items horizontally *\/<br \/>\n.form-inline {<br \/>\ndisplay: flex;<br \/>\nflex-flow: row wrap;<br \/>\nalign-items: center;<br \/>\n}<\/p>\n<p>\/* Add some margins for each label *\/<br \/>\n.form-inlinet label {<br \/>\nmargin: 5px 10px 5px 0;<br \/>\n}<\/p>\n<p>\/* Style the input fields *\/<br \/>\n.form-inline input {<br \/>\nvertical-align: middle;<br \/>\nmargin: 10px 10px 10px 10px;<br \/>\npadding: 10px;<br \/>\nborder: 1px solid #ddd;<br \/>\n}<\/p>\n<p>.form-inline img {<br \/>\n\twidth: 158px;<br \/>\nmargin: 0px 0px 10px 20px;<br \/>\n    }<\/p>\n<p>\/* Style the submit button *\/<br \/>\n.form-inline button {<br \/>\npadding: 10px 20px;<br \/>\nbackground-color: dodgerblue;<br \/>\nborder: 1px solid #ddd;<br \/>\ncolor: white;<br \/>\n}<\/p>\n<p>.form-inline button:hover {<br \/>\nbackground-color: green;<br \/>\n}<\/p>\n<p>\/* Add responsiveness &#8211; display the form controls vertically instead of horizontally on screens that are less than 800px wide *\/<br \/>\n@media (max-width: 600px) {<br \/>\n  .form-inline input {<br \/>\n    margin: 20px;<br \/>\n      width: 85%;<br \/>\n  }<\/p>\n<p>.form-inline {<br \/>\n    flex-direction: column;<br \/>\n    align-items: stretch;<br \/>\n  }<br \/>\n}<\/p>\n<p>    MAP\n<\/p>\n<p>Banestatus: open<\/p>\n<p>Voss Golf teaservideo<\/p>\n<div class=\"pt-cv-wrapper\"><div class=\"pt-cv-view pt-cv-grid pt-cv-colsys\" id=\"pt-cv-view-4cc31705rn\"><div data-id=\"pt-cv-page-1\" class=\"pt-cv-page\" data-cvc=\"1\"><div class=\"col-md-12 col-sm-6 col-xs-12 pt-cv-content-item pt-cv-2-col\"  data-pid=\"8925\"><div class='pt-cv-ifield'><a href=\"https:\/\/www.vossgolf.no\/?p=8925\" class=\"_self pt-cv-href-thumbnail pt-cv-thumb-left cvplbd\" target=\"_self\" ><img width=\"150\" height=\"150\" src=\"https:\/\/www.vossgolf.no\/wp-content\/uploads\/2022\/02\/aarsmote-150x150.png\" class=\"pt-cv-thumbnail pull-left\" alt=\"Protokoll \u00c5rsm\u00f8tet\" loading=\"lazy\" \/><\/a>\n<h4 class=\"pt-cv-title\"><a href=\"https:\/\/www.vossgolf.no\/?p=8925\" class=\"_self cvplbd\" target=\"_self\" >Protokoll \u00c5rsm\u00f8tet<\/a><\/h4>\n<div class=\"pt-cv-content\">Protokoll-Voss-Golf-2025-1-1Last ned ...<br \/><div class=\"pt-cv-rmwrap\"><a href=\"https:\/\/www.vossgolf.no\/?p=8925\" class=\"_self pt-cv-readmore btn btn-success cvplbd\" target=\"_self\">Les meir\u2026<\/a><\/div><\/div><\/div><\/div>\n<div class=\"col-md-12 col-sm-6 col-xs-12 pt-cv-content-item pt-cv-2-col\"  data-pid=\"8918\"><div class='pt-cv-ifield'><a href=\"https:\/\/www.vossgolf.no\/?p=8918\" class=\"_self pt-cv-href-thumbnail pt-cv-thumb-left cvplbd\" target=\"_self\" ><img width=\"150\" height=\"150\" src=\"https:\/\/www.vossgolf.no\/wp-content\/uploads\/2025\/03\/image-150x150.jpeg\" class=\"pt-cv-thumbnail pull-left\" alt=\"Lagturnering for alle\" loading=\"lazy\" \/><\/a>\n<h4 class=\"pt-cv-title\"><a href=\"https:\/\/www.vossgolf.no\/?p=8918\" class=\"_self cvplbd\" target=\"_self\" >Lagturnering for alle<\/a><\/h4>\n<div class=\"pt-cv-content\">Opningsturneringa laurdag 9.mai kl 10 i \u00e5r blir ei lagturnering. Det er 18 hol med to spelarar p\u00e5 kvart lag ...<br \/><div class=\"pt-cv-rmwrap\"><a href=\"https:\/\/www.vossgolf.no\/?p=8918\" class=\"_self pt-cv-readmore btn btn-success cvplbd\" target=\"_self\">Les meir\u2026<\/a><\/div><\/div><\/div><\/div>\n<div class=\"col-md-12 col-sm-6 col-xs-12 pt-cv-content-item pt-cv-2-col\"  data-pid=\"8897\"><div class='pt-cv-ifield'><a href=\"https:\/\/www.vossgolf.no\/?p=8897\" class=\"_self pt-cv-href-thumbnail pt-cv-thumb-left cvplbd\" target=\"_self\" ><img width=\"150\" height=\"150\" src=\"https:\/\/www.vossgolf.no\/wp-content\/uploads\/2022\/03\/bane-1.jpeg\" class=\"pt-cv-thumbnail pull-left\" alt=\"Baneopning 1.mai? D\u00e5 m\u00e5 du p\u00e5 dugnad.\" loading=\"lazy\" \/><\/a>\n<h4 class=\"pt-cv-title\"><a href=\"https:\/\/www.vossgolf.no\/?p=8897\" class=\"_self cvplbd\" target=\"_self\" >Baneopning 1.mai? D\u00e5 m\u00e5 du p\u00e5 dugnad.<\/a><\/h4>\n<div class=\"pt-cv-content\">D\u00e5 satser me p\u00e5 \u00e5pning av banen 1. Mai, meeen d\u00e5 er me avhengig av hjelp til rydding av banen, ...<br \/><div class=\"pt-cv-rmwrap\"><a href=\"https:\/\/www.vossgolf.no\/?p=8897\" class=\"_self pt-cv-readmore btn btn-success cvplbd\" target=\"_self\">Les meir\u2026<\/a><\/div><\/div><\/div><\/div>\n<div class=\"col-md-12 col-sm-6 col-xs-12 pt-cv-content-item pt-cv-2-col\"  data-pid=\"8866\"><div class='pt-cv-ifield'><a href=\"https:\/\/www.vossgolf.no\/?p=8866\" class=\"_self pt-cv-href-thumbnail pt-cv-thumb-left cvplbd\" target=\"_self\" ><img width=\"150\" height=\"150\" src=\"https:\/\/www.vossgolf.no\/wp-content\/uploads\/2023\/04\/vegen-til-golf-logo-150x150.jpg\" class=\"pt-cv-thumbnail pull-left\" alt=\"P\u00e5melding VTG-kurs 2026\" loading=\"lazy\" \/><\/a>\n<h4 class=\"pt-cv-title\"><a href=\"https:\/\/www.vossgolf.no\/?p=8866\" class=\"_self cvplbd\" target=\"_self\" >P\u00e5melding VTG-kurs 2026<\/a><\/h4>\n<div class=\"pt-cv-content\">Det har allereie komme inn fleire p\u00e5meldingar til \u00e5rets VTG-kurs. P\u00e5melding (eller sp\u00f8rsm\u00e5l) sendast til klubb@vossgolf.no Her er dei kursdatoane ...<br \/><div class=\"pt-cv-rmwrap\"><a href=\"https:\/\/www.vossgolf.no\/?p=8866\" class=\"_self pt-cv-readmore btn btn-success cvplbd\" target=\"_self\">Les meir\u2026<\/a><\/div><\/div><\/div><\/div><\/div><\/div><\/div>\t\t\t<style type=\"text\/css\" id=\"pt-cv-inline-style-ca86e20yns\">#pt-cv-view-4cc31705rn .pt-cv-title a, #pt-cv-view-4cc31705rn  .panel-title { font-weight: 600 !important; }\n#pt-cv-view-4cc31705rn .pt-cv-readmore  { color: #ffffff !important; background-color: #00aeef !important; }\n#pt-cv-view-4cc31705rn .pt-cv-readmore:hover  { color: #ffffff !important; background-color: #00aeef !important; }\n#pt-cv-view-4cc31705rn  + .pt-cv-pagination-wrapper .pt-cv-more , #pt-cv-view-4cc31705rn  + .pt-cv-pagination-wrapper .pagination .active a { color: #ffffff !important; background-color: #00aeef !important; }<\/style>\r\n\t\t\t\n<p>Live fr\u00e5 bana<\/p>\n<\/p>\n<p>\nGolfbox Login<\/p>\n<p><!-- {\"name\":\"\",\"type\":\"layout\",\"children\":[{\"name\":\"\",\"type\":\"section\",\"props\":{\"style\":\"default\",\"width\":\"\",\"vertical_align\":\"middle\",\"title_position\":\"top-right\",\"title_rotation\":\"left\",\"title_breakpoint\":\"xl\",\"image_position\":\"center-center\",\"header_transparent\":\"dark\",\"header_transparent_noplaceholder\":true,\"css\":\".slideshow {margin-top: 0px; z-index: -100;}\",\"padding_remove_top\":true,\"title\":\"\",\"padding\":\"none\"},\"children\":[{\"name\":\"\",\"type\":\"row\",\"props\":{\"fixed_width\":\"large\",\"breakpoint\":\"m\",\"layout\":\"1-1\"},\"children\":[{\"name\":\"\",\"type\":\"column\",\"props\":{\"widths\":[\"1-1\"],\"image_position\":\"center-center\"},\"children\":[{\"name\":\"Bakgrunn i topp\",\"type\":\"text\",\"props\":{\"margin\":\"remove-vertical\",\"column_breakpoint\":\"m\",\"content\":\"\n\n<div class=\\\"slideshow\\\">[widgetkit id=\\\"2\\\"]<\\\/div>\"}}]}]}]},{\"name\":\"\",\"type\":\"section\",\"props\":{\"style\":\"default\",\"width\":\"default\",\"vertical_align\":\"middle\",\"title_position\":\"top-left\",\"title_rotation\":\"left\",\"title_breakpoint\":\"xl\",\"image_position\":\"center-center\"},\"children\":[{\"name\":\"\",\"type\":\"row\",\"props\":{\"fixed_width\":\"large\",\"breakpoint\":\"m\",\"layout\":\",\",\"vertical_align\":false},\"children\":[{\"name\":\"\",\"type\":\"column\",\"props\":{\"widths\":[\"\"],\"image_position\":\"center-center\"},\"children\":[{\"name\":\"\",\"type\":\"html\",\"props\":{\"content\":\"                \n\n<div>\n\n<style>\\n\\\/* Style the form - display items horizontally *\\\/\\n.form-inline {\\ndisplay: flex;\\nflex-flow: row wrap;\\nalign-items: center;\\n}\\n\\n\\\/* Add some margins for each label *\\\/\\n.form-inlinet label {\\nmargin: 5px 10px 5px 0;\\n}\\n\\n\\\/* Style the input fields *\\\/\\n.form-inline input {\\nvertical-align: middle;\\nmargin: 10px 10px 10px 10px;\\npadding: 10px;\\nborder: 1px solid #ddd;\\n}\\n\\n.form-inline img {\\n\\twidth: 158px;\\nmargin: 0px 0px 10px 20px;\\n    }\\n\\n\\n\\\/* Style the submit button *\\\/\\n.form-inline button {\\npadding: 10px 20px;\\nbackground-color: dodgerblue;\\nborder: 1px solid #ddd;\\ncolor: white;\\n}\\n\\n.form-inline button:hover {\\nbackground-color: green;\\n}\\n\\n\\n\\\/* Add responsiveness - display the form controls vertically instead of horizontally on screens that are less than 800px wide *\\\/\\n@media (max-width: 600px) {\\n  .form-inline input {\\n    margin: 20px;\\n      width: 85%;\\n  }\\n\\n.form-inline {\\n    flex-direction: column;\\n    align-items: stretch;\\n  }\\n}\\n<\\\/style>\\n\n\n<form onsubmit=\\\"setTimeout('document.loginform.reset()', 200);\\\" name=\\\"loginform\\\" method=\\\"post\\\" class=\\\"form-inline\\\" style=\\\"background-color: #2980B9;\\\" action=\\\"https:\\\/\\\/www.golfbox.no\\\/login.asp\\\" target=\\\"_top\\\">\\n    <input type=\\\"hidden\\\" value=\\\"true\\\" name=\\\"loginform.submitted\\\" id=\\\"loginform.submitted\\\" \\\/>\\n    <input type=\\\"hidden\\\" value=\\\"http:\\\/\\\/www.norskgolf.no\\\" name=\\\"redirect\\\" id=\\\"redirect\\\" \\\/>\\n    <input type=\\\"hidden\\\" value=\\\"login\\\" name=\\\"command\\\" id=\\\"command\\\" \\\/>\\n    <input type=\\\"text\\\" style=\\\"margin-left: 20px; margin-top: 20px;\\\" class=\\\"uk-input uk-form-small  uk-form-width-small\\\" name=\\\"loginform.username\\\" id=\\\"loginform.username\\\" placeholder=\\\"Brukernavn\\\" \\\/>\\n    <input type=\\\"password\\\" style=\\\"margin-top: 20px;\\\" class=\\\"uk-input uk-form-width-small uk-form-small\\\" name=\\\"loginform.password\\\" id=\\\"loginform.password\\\" placeholder=\\\"Passord\\\" \\\/>\\n    <input type=\\\"submit\\\" value=\\\"Log in\\\" name=\\\"B2\\\" id=\\\"Submit1\\\" style=\\\"margin-top: 20px;\\\"  class=\\\"uk-button-default uk-form-small\\\" \\\/>\\n    <img alt=\\\"Golfbox\\\" src=\\\"https:\\\/\\\/www.vossgolf.no\\\/wp-content\\\/uploads\\\/2018\\\/06\\\/golfbox_logo.png\\\"  style=\\\"margin-top: 15px;\\\" style=\\\"margin-left: 15px;\\\"\\\/>\n\n<div style=\\\"background-color: #2980B9; padding-left: 20px;\\\">\\n<a class=\\\"el-content uk-button uk-button-secondary\\\" href=\\\"\\\/index.php?p=408\\\" title=\\\"kart\\\" style=\\\"margin-left: 0px;\\\">\\n    <span uk-icon=\\\"location\\\"><\\\/span><span class=\\\"uk-text-middle\\\">MAP<\\\/span><\\\/a>\\n<\\\/div><\\\/form>\"}}]},{\"name\":\"\",\"type\":\"column\",\"props\":{\"widths\":[\"\"],\"image_position\":\"center-center\"}}]}]},{\"name\":\"\",\"type\":\"section\",\"props\":{\"style\":\"default\",\"width\":\"default\",\"vertical_align\":\"middle\",\"title_position\":\"top-left\",\"title_rotation\":\"left\",\"title_breakpoint\":\"xl\",\"image_position\":\"center-center\",\"padding_remove_bottom\":true},\"children\":[{\"name\":\"\",\"type\":\"row\",\"props\":{\"fixed_width\":\"large\",\"breakpoint\":\"m\",\"layout\":\",\"},\"children\":[{\"name\":\"\",\"type\":\"column\",\"props\":{\"widths\":[\"\"],\"image_position\":\"center-center\",\"image\":\"wp-content\\\/uploads\\\/2018\\\/04\\\/62-hol-5-men-med-sol-2.jpg\",\"style\":\"muted\"},\"children\":[{\"name\":\"\",\"type\":\"button\",\"props\":{\"gutter\":\"\",\"margin\":\"default\",\"fullwidth\":true,\"animation\":\"none\"},\"children\":[{\"name\":\"\",\"type\":\"button_item\",\"props\":{\"button_style\":\"secondary\",\"icon_align\":\"left\",\"content\":\"Banestatus: open\",\"link_title\":\"Banestatus: open\",\"icon\":\"\",\"link\":\"index.php?p=415\"}}]}]},{\"name\":\"\",\"type\":\"column\",\"props\":{\"widths\":[\"\"],\"image_position\":\"center-center\",\"image\":\"wp-content\\\/uploads\\\/2018\\\/04\\\/videovieo.png\"},\"children\":[{\"name\":\"\",\"type\":\"button\",\"props\":{\"gutter\":\"small\",\"margin\":\"default\",\"fullwidth\":true},\"children\":[{\"name\":\"\",\"type\":\"button_item\",\"props\":{\"button_style\":\"default\",\"icon_align\":\"left\",\"content\":\"Voss Golf teaservideo\",\"link_title\":\"Voss Golf teaservideo\",\"link\":\"https:\\\/\\\/vimeo.com\\\/14217441\"}}]}]}]}]},{\"name\":\"\",\"type\":\"section\",\"props\":{\"style\":\"default\",\"width\":\"default\",\"vertical_align\":\"middle\",\"title_position\":\"top-left\",\"title_rotation\":\"left\",\"title_breakpoint\":\"xl\",\"image_position\":\"center-center\"},\"children\":[{\"name\":\"\",\"type\":\"row\",\"props\":{\"fixed_width\":\"large\",\"breakpoint\":\"m\",\"layout\":\",\"},\"children\":[{\"name\":\"\",\"type\":\"column\",\"props\":{\"widths\":[\"\"],\"image_position\":\"center-center\"},\"children\":[{\"name\":\"Nyhende\",\"type\":\"text\",\"props\":{\"margin\":\"default\",\"column_breakpoint\":\"m\",\"content\":\"\n\n<p>[pt_view id=\\\"4cc31705rn\\\"]<\\\/p>\"}}]},{\"name\":\"\",\"type\":\"column\",\"props\":{\"widths\":[\"\"],\"image_position\":\"center-center\"},\"children\":[{\"name\":\"\",\"type\":\"headline\",\"props\":{\"title_element\":\"h1\",\"content\":\"Live fr\\u00e5 bana\"}},{\"name\":\"\",\"type\":\"html\",\"props\":{\"content\":\"<script src=\\\"https:\\\/\\\/cdn.jwplayer.com\\\/players\\\/4B1KwdbH-Z0hvn5en.js\\\"><\\\/script>\"}},{\"name\":\"\",\"type\":\"gallery\",\"props\":{\"show_title\":false,\"show_meta\":false,\"show_content\":true,\"show_link\":true,\"show_hover_image\":false,\"grid_default\":\"1\",\"grid_medium\":\"3\",\"overlay_mode\":\"cover\",\"overlay_position\":\"center\",\"overlay_transition\":\"fade\",\"title_element\":\"h3\",\"meta_style\":\"meta\",\"meta_align\":\"bottom\",\"text_align\":\"center\",\"margin\":\"medium\",\"grid_mode\":\"\",\"grid_parallax_y\":0,\"divider\":false,\"image_min_height\":\"\",\"text_align_breakpoint\":\"\",\"grid_small\":\"3\"},\"children\":[{\"name\":\"\",\"type\":\"gallery_item\",\"props\":{\"image\":\"wp-content\\\/uploads\\\/2018\\\/05\\\/grasrottt.jpg\",\"link\":\"https:\\\/\\\/www.norsk-tipping.no\\\/grasrotandelen\\\/din-mottaker\\\/983179975\"}},{\"name\":\"\",\"type\":\"gallery_item\",\"props\":{\"image\":\"wp-content\\\/uploads\\\/2025\\\/08\\\/LIGHT_LARGE_FIND_US_KAYAK.png\",\"link\":\"https:\\\/\\\/www.kayak.co.uk\\\/Vossevangen.2280.guide\",\"image_alt\":\"Find us on Kayak Guides\",\"title\":\"Find us on Kayak Guides\",\"meta\":\"Find us on Kayak Guides\"}}]},{\"name\":\"\",\"type\":\"html\",\"props\":{\"content\":\"<script src=\\\"https:\\\/\\\/external.norskgolf.no\\\/golfbox\\\/golfbox_login_blue_small.js\\\" type=\\\"text\\\/javascript\\\"><\\\/script>\\n<noscript><a href=\\\"https:\\\/\\\/www.golfbox.no\\\/portal\\\/login\\\/help.asp\\\" target=\\\"_blank\\\">Golfbox Login<\\\/a><\\\/noscript>\"}}]}]}]},{\"name\":\"\",\"type\":\"section\",\"props\":{\"style\":\"default\",\"width\":\"default\",\"vertical_align\":\"middle\",\"title_position\":\"top-left\",\"title_rotation\":\"left\",\"title_breakpoint\":\"xl\",\"image_position\":\"center-center\"},\"children\":[{\"name\":\"\",\"type\":\"row\",\"props\":{\"fixed_width\":\"large\",\"breakpoint\":\"m\",\"layout\":\"1-1\"},\"children\":[{\"name\":\"\",\"type\":\"column\",\"props\":{\"widths\":[\"1-1\"],\"image_position\":\"center-center\"},\"children\":[{\"name\":\"\",\"type\":\"gallery\",\"props\":{\"show_title\":false,\"show_meta\":false,\"show_content\":false,\"show_link\":false,\"show_hover_image\":false,\"grid_default\":\"2\",\"grid_medium\":\"4\",\"overlay_mode\":\"cover\",\"overlay_position\":\"center\",\"overlay_transition\":\"fade\",\"title_element\":\"h3\",\"meta_style\":\"meta\",\"meta_align\":\"bottom\",\"text_align\":\"center\",\"margin\":\"default\",\"grid_mode\":\"parallax\",\"overlay_padding\":\"\"},\"children\":[{\"name\":\"\",\"type\":\"gallery_item\",\"props\":{\"image\":\"wp-content\\\/uploads\\\/2018\\\/04\\\/vekselbanken.png\",\"title\":\"Vekselbanken\"}},{\"name\":\"\",\"type\":\"gallery_item\",\"props\":{\"image\":\"wp-content\\\/uploads\\\/2018\\\/04\\\/myrkdalen.png\",\"title\":\"Myrkdalen\"}},{\"name\":\"\",\"type\":\"gallery_item\",\"props\":{\"image\":\"wp-content\\\/uploads\\\/2018\\\/04\\\/fargerike.png\",\"title\":\"Fargerike\"}},{\"name\":\"\",\"type\":\"gallery_item\",\"props\":{\"image\":\"wp-content\\\/uploads\\\/2018\\\/04\\\/taubanetgek.png\",\"title\":\"Tau\"}},{\"name\":\"\",\"type\":\"gallery_item\",\"props\":{\"image\":\"wp-content\\\/uploads\\\/2024\\\/08\\\/VK_logo_square_black.png\",\"title\":\"Voss Kommunikasjon\"}},{\"name\":\"\",\"type\":\"gallery_item\",\"props\":{\"image\":\"wp-content\\\/uploads\\\/2018\\\/04\\\/sparebank-1.png\",\"title\":\"Voss Sparebank\"}},{\"name\":\"\",\"type\":\"gallery_item\",\"props\":{\"image\":\"wp-content\\\/uploads\\\/2018\\\/04\\\/udesverremenaudi.png\",\"title\":\"M\\u00f8ller Bil Minde\"}},{\"name\":\"\",\"type\":\"gallery_item\",\"props\":{\"image\":\"wp-content\\\/uploads\\\/2018\\\/05\\\/Fleischers_logo.jpg\",\"title\":\"Fleischers Hotel\"}}]}]}]}]}]} --><\/p>\n","protected":false},"excerpt":{"rendered":"<p>\/* Style the form &#8211; display items horizontally *\/ .form-inline { display: flex; flex-flow: row wrap; align-items: center; } \/* Add some margins for each label *\/ .form-inlinet label { margin: 5px 10px 5px 0; } \/* Style the input fields *\/ .form-inline input { vertical-align: middle; margin: 10px 10px 10px 10px; padding: 10px; border: [&hellip;]<\/p>\n","protected":false},"author":1,"featured_media":0,"parent":0,"menu_order":0,"comment_status":"closed","ping_status":"closed","template":"","meta":[],"_links":{"self":[{"href":"https:\/\/www.vossgolf.no\/index.php?rest_route=\/wp\/v2\/pages\/4"}],"collection":[{"href":"https:\/\/www.vossgolf.no\/index.php?rest_route=\/wp\/v2\/pages"}],"about":[{"href":"https:\/\/www.vossgolf.no\/index.php?rest_route=\/wp\/v2\/types\/page"}],"author":[{"embeddable":true,"href":"https:\/\/www.vossgolf.no\/index.php?rest_route=\/wp\/v2\/users\/1"}],"replies":[{"embeddable":true,"href":"https:\/\/www.vossgolf.no\/index.php?rest_route=%2Fwp%2Fv2%2Fcomments&post=4"}],"version-history":[{"count":135,"href":"https:\/\/www.vossgolf.no\/index.php?rest_route=\/wp\/v2\/pages\/4\/revisions"}],"predecessor-version":[{"id":8915,"href":"https:\/\/www.vossgolf.no\/index.php?rest_route=\/wp\/v2\/pages\/4\/revisions\/8915"}],"wp:attachment":[{"href":"https:\/\/www.vossgolf.no\/index.php?rest_route=%2Fwp%2Fv2%2Fmedia&parent=4"}],"curies":[{"name":"wp","href":"https:\/\/api.w.org\/{rel}","templated":true}]}}