{"id":4151,"date":"2019-06-16T11:45:26","date_gmt":"2019-06-16T11:45:26","guid":{"rendered":"https:\/\/www.vossgolf.no\/?page_id=4151"},"modified":"2019-06-16T15:07:57","modified_gmt":"2019-06-16T15:07:57","slug":"terminliste-andre","status":"publish","type":"page","link":"https:\/\/www.vossgolf.no\/?page_id=4151","title":{"rendered":"Terminliste andre"},"content":{"rendered":"<p>Her finn du terminlister for andre konkuransar som er aktuelle for medlemmer fr\u00e5 Voss GK. Trykk p\u00e5 den turneringa du ynskjer terminliste til og lenkja tar deg direkte til golfbox. Her finn du ogs\u00e5 fulle resultatlister for turneringar som har vore.<\/p>\n<p>&nbsp;<\/p>\n<p><a href=\"https:\/\/www.golfbox.dk\/livescoring\/tour\/default.asp?language=1044#\/customer\/154\/schedule\"><span style=\"color: #0000ff;\">NSG (Norsk Seniorgolf)<\/span><\/a><\/p>\n<p>&nbsp;<\/p>\n<p><span style=\"color: #0000ff;\"><a style=\"color: #0000ff;\" href=\"https:\/\/www.golfbox.no\/app_livescoring\/tour\/default.asp?language=1044#\/customer\/874\/schedule\">Vestlandet Nord<\/a><\/span><\/p>\n<p>&nbsp;<\/p>\n<p><a href=\"https:\/\/golfbox.no\/livescoring\/tour\/default.asp?language=1044#\/customer\/18\/schedule\"><span style=\"color: #0000ff;\">Norges Golfforbund<\/span><\/a><\/p>\n","protected":false},"excerpt":{"rendered":"<p>Her finn du terminlister for andre konkuransar som er aktuelle for medlemmer fr\u00e5 Voss GK. Trykk p\u00e5 den turneringa du ynskjer terminliste til og lenkja tar deg direkte til golfbox. Her finn du ogs\u00e5 fulle resultatlister for turneringar som har vore. &nbsp; NSG (Norsk Seniorgolf) &nbsp; Vestlandet Nord &nbsp; Norges Golfforbund<\/p>\n","protected":false},"author":3,"featured_media":0,"parent":0,"menu_order":0,"comment_status":"closed","ping_status":"closed","template":"","meta":[],"_links":{"self":[{"href":"https:\/\/www.vossgolf.no\/index.php?rest_route=\/wp\/v2\/pages\/4151"}],"collection":[{"href":"https:\/\/www.vossgolf.no\/index.php?rest_route=\/wp\/v2\/pages"}],"about":[{"href":"https:\/\/www.vossgolf.no\/index.php?rest_route=\/wp\/v2\/types\/page"}],"author":[{"embeddable":true,"href":"https:\/\/www.vossgolf.no\/index.php?rest_route=\/wp\/v2\/users\/3"}],"replies":[{"embeddable":true,"href":"https:\/\/www.vossgolf.no\/index.php?rest_route=%2Fwp%2Fv2%2Fcomments&post=4151"}],"version-history":[{"count":7,"href":"https:\/\/www.vossgolf.no\/index.php?rest_route=\/wp\/v2\/pages\/4151\/revisions"}],"predecessor-version":[{"id":5793,"href":"https:\/\/www.vossgolf.no\/index.php?rest_route=\/wp\/v2\/pages\/4151\/revisions\/5793"}],"wp:attachment":[{"href":"https:\/\/www.vossgolf.no\/index.php?rest_route=%2Fwp%2Fv2%2Fmedia&parent=4151"}],"curies":[{"name":"wp","href":"https:\/\/api.w.org\/{rel}","templated":true}]}}